{"id":2875,"date":"2018-10-02T08:58:18","date_gmt":"2018-10-02T05:58:18","guid":{"rendered":"http:\/\/www.evrencangunduz.com\/?page_id=2875"},"modified":"2018-10-02T08:58:18","modified_gmt":"2018-10-02T05:58:18","slug":"photos","status":"publish","type":"page","link":"https:\/\/www.evrencangunduz.com\/en\/photos\/","title":{"rendered":"Photos"},"content":{"rendered":"<p><strong>Photo artists;<\/strong> \u0130dil Dilber, Selda D\u00f6leko\u011flu,\u00a0Sevda Ertu\u011frul<\/p>\n<p><img fetchpriority=\"high\" decoding=\"async\" class=\"alignnone size-full wp-image-240\" src=\"http:\/\/www.evrencangunduz.com\/wp-content\/uploads\/2017\/02\/IMG_6695.jpg\" alt=\"\" width=\"667\" height=\"1000\" \/><\/p>\n<p><img decoding=\"async\" class=\"alignnone size-full wp-image-241\" src=\"http:\/\/www.evrencangunduz.com\/wp-content\/uploads\/2017\/02\/evrencan_if4.jpg\" alt=\"\" width=\"1000\" height=\"563\" \/><\/p>\n<p><img decoding=\"async\" class=\"alignnone size-full wp-image-243\" src=\"http:\/\/www.evrencangunduz.com\/wp-content\/uploads\/2017\/02\/evrencan_dorock-1.jpg\" alt=\"\" width=\"1000\" height=\"667\" \/><\/p>\n<p><img loading=\"lazy\" decoding=\"async\" class=\"alignnone size-full wp-image-244\" src=\"http:\/\/www.evrencangunduz.com\/wp-content\/uploads\/2017\/02\/evrencan_if2.jpg\" alt=\"\" width=\"722\" height=\"1000\" \/><\/p>\n","protected":false},"excerpt":{"rendered":"<p>Photo artists; \u0130dil Dilber, Selda D\u00f6leko\u011flu,\u00a0Sevda Ertu\u011frul<\/p>\n","protected":false},"author":2,"featured_media":0,"parent":0,"menu_order":0,"comment_status":"closed","ping_status":"closed","template":"","meta":{"_mi_skip_tracking":false,"_exactmetrics_sitenote_active":false,"_exactmetrics_sitenote_note":"","_exactmetrics_sitenote_category":0,"footnotes":""},"yoast_head":"<!-- This site is optimized with the Yoast SEO plugin v21.6 - https:\/\/yoast.com\/wordpress\/plugins\/seo\/ -->\n<title>Photos &#8226; Evrencan G\u00fcnd\u00fcz<\/title>\n<meta name=\"robots\" content=\"index, follow, max-snippet:-1, max-image-preview:large, max-video-preview:-1\" \/>\n<link rel=\"canonical\" href=\"https:\/\/www.evrencangunduz.com\/en\/photos\/\" \/>\n<meta property=\"og:locale\" content=\"en_US\" \/>\n<meta property=\"og:type\" content=\"article\" \/>\n<meta property=\"og:title\" content=\"Photos &#8226; Evrencan G\u00fcnd\u00fcz\" \/>\n<meta property=\"og:description\" content=\"Photo artists; \u0130dil Dilber, Selda D\u00f6leko\u011flu,\u00a0Sevda Ertu\u011frul\" \/>\n<meta property=\"og:url\" content=\"https:\/\/www.evrencangunduz.com\/en\/photos\/\" \/>\n<meta property=\"og:site_name\" content=\"Evrencan G\u00fcnd\u00fcz\" \/>\n<meta property=\"article:publisher\" content=\"https:\/\/www.facebook.com\/evrencangunduz\" \/>\n<meta property=\"og:image\" content=\"http:\/\/www.evrencangunduz.com\/wp-content\/uploads\/2017\/02\/IMG_6695.jpg\" \/>\n<meta name=\"twitter:card\" content=\"summary_large_image\" \/>\n<meta name=\"twitter:site\" content=\"@evrencangunduz\" \/>\n<script type=\"application\/ld+json\" class=\"yoast-schema-graph\">{\"@context\":\"https:\/\/schema.org\",\"@graph\":[{\"@type\":\"WebPage\",\"@id\":\"https:\/\/www.evrencangunduz.com\/en\/photos\/\",\"url\":\"https:\/\/www.evrencangunduz.com\/en\/photos\/\",\"name\":\"Photos &#8226; Evrencan G\u00fcnd\u00fcz\",\"isPartOf\":{\"@id\":\"https:\/\/www.evrencangunduz.com\/en\/#website\"},\"datePublished\":\"2018-10-02T05:58:18+00:00\",\"dateModified\":\"2018-10-02T05:58:18+00:00\",\"breadcrumb\":{\"@id\":\"https:\/\/www.evrencangunduz.com\/en\/photos\/#breadcrumb\"},\"inLanguage\":\"en-US\",\"potentialAction\":[{\"@type\":\"ReadAction\",\"target\":[\"https:\/\/www.evrencangunduz.com\/en\/photos\/\"]}]},{\"@type\":\"BreadcrumbList\",\"@id\":\"https:\/\/www.evrencangunduz.com\/en\/photos\/#breadcrumb\",\"itemListElement\":[{\"@type\":\"ListItem\",\"position\":1,\"name\":\"Ana sayfa\",\"item\":\"https:\/\/www.evrencangunduz.com\/en\/\"},{\"@type\":\"ListItem\",\"position\":2,\"name\":\"Photos\"}]},{\"@type\":\"WebSite\",\"@id\":\"https:\/\/www.evrencangunduz.com\/en\/#website\",\"url\":\"https:\/\/www.evrencangunduz.com\/en\/\",\"name\":\"Evrencan G\u00fcnd\u00fcz\",\"description\":\"\",\"potentialAction\":[{\"@type\":\"SearchAction\",\"target\":{\"@type\":\"EntryPoint\",\"urlTemplate\":\"https:\/\/www.evrencangunduz.com\/en\/?s={search_term_string}\"},\"query-input\":\"required name=search_term_string\"}],\"inLanguage\":\"en-US\"}]}<\/script>\n<!-- \/ Yoast SEO plugin. -->","yoast_head_json":{"title":"Photos &#8226; Evrencan G\u00fcnd\u00fcz","robots":{"index":"index","follow":"follow","max-snippet":"max-snippet:-1","max-image-preview":"max-image-preview:large","max-video-preview":"max-video-preview:-1"},"canonical":"https:\/\/www.evrencangunduz.com\/en\/photos\/","og_locale":"en_US","og_type":"article","og_title":"Photos &#8226; Evrencan G\u00fcnd\u00fcz","og_description":"Photo artists; \u0130dil Dilber, Selda D\u00f6leko\u011flu,\u00a0Sevda Ertu\u011frul","og_url":"https:\/\/www.evrencangunduz.com\/en\/photos\/","og_site_name":"Evrencan G\u00fcnd\u00fcz","article_publisher":"https:\/\/www.facebook.com\/evrencangunduz","og_image":[{"url":"http:\/\/www.evrencangunduz.com\/wp-content\/uploads\/2017\/02\/IMG_6695.jpg"}],"twitter_card":"summary_large_image","twitter_site":"@evrencangunduz","schema":{"@context":"https:\/\/schema.org","@graph":[{"@type":"WebPage","@id":"https:\/\/www.evrencangunduz.com\/en\/photos\/","url":"https:\/\/www.evrencangunduz.com\/en\/photos\/","name":"Photos &#8226; Evrencan G\u00fcnd\u00fcz","isPartOf":{"@id":"https:\/\/www.evrencangunduz.com\/en\/#website"},"datePublished":"2018-10-02T05:58:18+00:00","dateModified":"2018-10-02T05:58:18+00:00","breadcrumb":{"@id":"https:\/\/www.evrencangunduz.com\/en\/photos\/#breadcrumb"},"inLanguage":"en-US","potentialAction":[{"@type":"ReadAction","target":["https:\/\/www.evrencangunduz.com\/en\/photos\/"]}]},{"@type":"BreadcrumbList","@id":"https:\/\/www.evrencangunduz.com\/en\/photos\/#breadcrumb","itemListElement":[{"@type":"ListItem","position":1,"name":"Ana sayfa","item":"https:\/\/www.evrencangunduz.com\/en\/"},{"@type":"ListItem","position":2,"name":"Photos"}]},{"@type":"WebSite","@id":"https:\/\/www.evrencangunduz.com\/en\/#website","url":"https:\/\/www.evrencangunduz.com\/en\/","name":"Evrencan G\u00fcnd\u00fcz","description":"","potentialAction":[{"@type":"SearchAction","target":{"@type":"EntryPoint","urlTemplate":"https:\/\/www.evrencangunduz.com\/en\/?s={search_term_string}"},"query-input":"required name=search_term_string"}],"inLanguage":"en-US"}]}},"_links":{"self":[{"href":"https:\/\/www.evrencangunduz.com\/en\/wp-json\/wp\/v2\/pages\/2875"}],"collection":[{"href":"https:\/\/www.evrencangunduz.com\/en\/wp-json\/wp\/v2\/pages"}],"about":[{"href":"https:\/\/www.evrencangunduz.com\/en\/wp-json\/wp\/v2\/types\/page"}],"author":[{"embeddable":true,"href":"https:\/\/www.evrencangunduz.com\/en\/wp-json\/wp\/v2\/users\/2"}],"replies":[{"embeddable":true,"href":"https:\/\/www.evrencangunduz.com\/en\/wp-json\/wp\/v2\/comments?post=2875"}],"version-history":[{"count":1,"href":"https:\/\/www.evrencangunduz.com\/en\/wp-json\/wp\/v2\/pages\/2875\/revisions"}],"predecessor-version":[{"id":2879,"href":"https:\/\/www.evrencangunduz.com\/en\/wp-json\/wp\/v2\/pages\/2875\/revisions\/2879"}],"wp:attachment":[{"href":"https:\/\/www.evrencangunduz.com\/en\/wp-json\/wp\/v2\/media?parent=2875"}],"curies":[{"name":"wp","href":"https:\/\/api.w.org\/{rel}","templated":true}]}}